{"id":2,"date":"2023-11-13T11:36:44","date_gmt":"2023-11-13T08:36:44","guid":{"rendered":"http:\/\/www.erciyesdisli.com\/yeni\/?page_id=2"},"modified":"2024-02-22T18:21:03","modified_gmt":"2024-02-22T15:21:03","slug":"anasayfa","status":"publish","type":"page","link":"https:\/\/www.erciyesdisli.com\/","title":{"rendered":"Ana Sayfa"},"content":{"rendered":"\t\t<div data-elementor-type=\"wp-page\" data-elementor-id=\"2\" class=\"elementor elementor-2\">\n\t\t\t\t<div class=\"elementor-element elementor-element-3ee672a e-flex e-con-boxed e-con e-parent\" data-id=\"3ee672a\" data-element_type=\"container\" data-settings=\"{&quot;background_background&quot;:&quot;classic&quot;}\">\n\t\t\t\t\t<div class=\"e-con-inner\">\n\t\t\t\t<div class=\"elementor-element elementor-element-e538bc3 elementor-widget elementor-widget-html\" data-id=\"e538bc3\" data-element_type=\"widget\" data-widget_type=\"html.default\">\n\t\t\t\t<div class=\"elementor-widget-container\">\n\t\t\t<div id=\"metaslider-id-188\" style=\"width: 100%;\" class=\"ml-slider-3-93-0 metaslider metaslider-flex metaslider-188 ml-slider ms-theme-outline has-dots-nav\" role=\"region\" aria-roledescription=\"Slideshow\" aria-label=\"New Slideshow\">\n    <div id=\"metaslider_container_188\">\n        <div id=\"metaslider_188\">\n            <ul class='slides'>\n                <li style=\"display: block; width: 100%;\" class=\"slide-196 ms-image \" aria-roledescription=\"slide\" aria-label=\"slide-196\"><a href=\"https:\/\/www.erciyesdisli.com\/index.php\/ayna-mahruti-dislileri\/\" target=\"_self\" class=\"metaslider_image_link\"><img fetchpriority=\"high\" decoding=\"async\" width=\"2560\" height=\"1000\" src=\"https:\/\/www.erciyesdisli.com\/wp-content\/uploads\/2024\/02\/Ayna-Mahru-Dislileri-1-scaled.jpg\" class=\"slider-188 slide-196\" alt=\"\" rel=\"\" title=\"Ayna Mahru Di\u015flileri\" srcset=\"https:\/\/www.erciyesdisli.com\/wp-content\/uploads\/2024\/02\/Ayna-Mahru-Dislileri-1-scaled.jpg 2560w, https:\/\/www.erciyesdisli.com\/wp-content\/uploads\/2024\/02\/Ayna-Mahru-Dislileri-1-300x117.jpg 300w, https:\/\/www.erciyesdisli.com\/wp-content\/uploads\/2024\/02\/Ayna-Mahru-Dislileri-1-1024x400.jpg 1024w, https:\/\/www.erciyesdisli.com\/wp-content\/uploads\/2024\/02\/Ayna-Mahru-Dislileri-1-768x300.jpg 768w, https:\/\/www.erciyesdisli.com\/wp-content\/uploads\/2024\/02\/Ayna-Mahru-Dislileri-1-1536x600.jpg 1536w, https:\/\/www.erciyesdisli.com\/wp-content\/uploads\/2024\/02\/Ayna-Mahru-Dislileri-1-2048x800.jpg 2048w\" sizes=\"(max-width: 2560px) 100vw, 2560px\" \/><\/a><\/li>\n                <li style=\"display: none; width: 100%;\" class=\"slide-379 ms-image \" aria-roledescription=\"slide\" aria-label=\"slide-379\"><a href=\"https:\/\/www.erciyesdisli.com\/index.php\/duz-ve-helis-disliler\/\" target=\"_self\" class=\"metaslider_image_link\"><img decoding=\"async\" width=\"2560\" height=\"1000\" src=\"https:\/\/www.erciyesdisli.com\/wp-content\/uploads\/2024\/02\/Duz-Helis-ve-Konik-Disliler-scaled.jpg\" class=\"slider-188 slide-379\" alt=\"\" rel=\"\" title=\"D\u00fcz Helis ve Konik Di\u015fliler\" srcset=\"https:\/\/www.erciyesdisli.com\/wp-content\/uploads\/2024\/02\/Duz-Helis-ve-Konik-Disliler-scaled.jpg 2560w, https:\/\/www.erciyesdisli.com\/wp-content\/uploads\/2024\/02\/Duz-Helis-ve-Konik-Disliler-300x117.jpg 300w, https:\/\/www.erciyesdisli.com\/wp-content\/uploads\/2024\/02\/Duz-Helis-ve-Konik-Disliler-1024x400.jpg 1024w, https:\/\/www.erciyesdisli.com\/wp-content\/uploads\/2024\/02\/Duz-Helis-ve-Konik-Disliler-768x300.jpg 768w, https:\/\/www.erciyesdisli.com\/wp-content\/uploads\/2024\/02\/Duz-Helis-ve-Konik-Disliler-1536x600.jpg 1536w, https:\/\/www.erciyesdisli.com\/wp-content\/uploads\/2024\/02\/Duz-Helis-ve-Konik-Disliler-2048x800.jpg 2048w\" sizes=\"(max-width: 2560px) 100vw, 2560px\" \/><\/a><\/li>\n                <li style=\"display: none; width: 100%;\" class=\"slide-381 ms-image \" aria-roledescription=\"slide\" aria-label=\"slide-381\"><a href=\"https:\/\/www.erciyesdisli.com\/index.php\/makina-yedek-parca\/\" target=\"_self\" class=\"metaslider_image_link\"><img decoding=\"async\" width=\"2560\" height=\"1000\" src=\"https:\/\/www.erciyesdisli.com\/wp-content\/uploads\/2024\/02\/Makina-Yedek-Parca-scaled.jpg\" class=\"slider-188 slide-381\" alt=\"\" rel=\"\" title=\"Makina Yedek Par\u00e7a\" srcset=\"https:\/\/www.erciyesdisli.com\/wp-content\/uploads\/2024\/02\/Makina-Yedek-Parca-scaled.jpg 2560w, https:\/\/www.erciyesdisli.com\/wp-content\/uploads\/2024\/02\/Makina-Yedek-Parca-300x117.jpg 300w, https:\/\/www.erciyesdisli.com\/wp-content\/uploads\/2024\/02\/Makina-Yedek-Parca-1024x400.jpg 1024w, https:\/\/www.erciyesdisli.com\/wp-content\/uploads\/2024\/02\/Makina-Yedek-Parca-768x300.jpg 768w, https:\/\/www.erciyesdisli.com\/wp-content\/uploads\/2024\/02\/Makina-Yedek-Parca-1536x600.jpg 1536w, https:\/\/www.erciyesdisli.com\/wp-content\/uploads\/2024\/02\/Makina-Yedek-Parca-2048x800.jpg 2048w\" sizes=\"(max-width: 2560px) 100vw, 2560px\" \/><\/a><\/li>\n            <\/ul>\n        <\/div>\n        \n    <\/div>\n<\/div>\t\t<\/div>\n\t\t\t\t<\/div>\n\t\t\t\t\t<\/div>\n\t\t\t\t<\/div>\n\t\t<div class=\"elementor-element elementor-element-54e59c8 e-flex e-con-boxed e-con e-parent\" data-id=\"54e59c8\" data-element_type=\"container\">\n\t\t\t\t\t<div class=\"e-con-inner\">\n\t\t\t\t<div class=\"elementor-element elementor-element-23a0a08 elementor-widget elementor-widget-spacer\" data-id=\"23a0a08\" data-element_type=\"widget\" data-widget_type=\"spacer.default\">\n\t\t\t\t<div class=\"elementor-widget-container\">\n\t\t\t\t\t<div class=\"elementor-spacer\">\n\t\t\t<div class=\"elementor-spacer-inner\"><\/div>\n\t\t<\/div>\n\t\t\t\t<\/div>\n\t\t\t\t<\/div>\n\t\t\t\t\t<\/div>\n\t\t\t\t<\/div>\n\t\t<div class=\"elementor-element elementor-element-c99361e animated-fast e-flex e-con-boxed elementor-invisible e-con e-parent\" data-id=\"c99361e\" data-element_type=\"container\" data-settings=\"{&quot;animation&quot;:&quot;fadeInUp&quot;}\">\n\t\t\t\t\t<div class=\"e-con-inner\">\n\t\t<div class=\"elementor-element elementor-element-918d112 e-con-full e-flex e-con e-child\" data-id=\"918d112\" data-element_type=\"container\">\n\t\t\t\t<div class=\"elementor-element elementor-element-99830b1 elementor-widget elementor-widget-image\" data-id=\"99830b1\" data-element_type=\"widget\" data-widget_type=\"image.default\">\n\t\t\t\t<div class=\"elementor-widget-container\">\n\t\t\t\t\t\t\t\t\t\t\t\t\t<img loading=\"lazy\" decoding=\"async\" width=\"150\" height=\"150\" src=\"https:\/\/www.erciyesdisli.com\/wp-content\/uploads\/2024\/02\/den-beri-150x150.png\" class=\"attachment-thumbnail size-thumbnail wp-image-244\" alt=\"\" srcset=\"https:\/\/www.erciyesdisli.com\/wp-content\/uploads\/2024\/02\/den-beri-150x150.png 150w, https:\/\/www.erciyesdisli.com\/wp-content\/uploads\/2024\/02\/den-beri-300x300.png 300w, https:\/\/www.erciyesdisli.com\/wp-content\/uploads\/2024\/02\/den-beri-768x768.png 768w, https:\/\/www.erciyesdisli.com\/wp-content\/uploads\/2024\/02\/den-beri.png 806w\" sizes=\"(max-width: 150px) 100vw, 150px\" \/>\t\t\t\t\t\t\t\t\t\t\t\t\t<\/div>\n\t\t\t\t<\/div>\n\t\t\t\t<\/div>\n\t\t<div class=\"elementor-element elementor-element-b56b71d e-con-full e-flex e-con e-child\" data-id=\"b56b71d\" data-element_type=\"container\">\n\t\t\t\t<div class=\"elementor-element elementor-element-8389b96 elementor-widget elementor-widget-heading\" data-id=\"8389b96\" data-element_type=\"widget\" data-widget_type=\"heading.default\">\n\t\t\t\t<div class=\"elementor-widget-container\">\n\t\t\t<h3 class=\"elementor-heading-title elementor-size-default\">HAKKIMIZDA<\/h3>\t\t<\/div>\n\t\t\t\t<\/div>\n\t\t\t\t<div class=\"elementor-element elementor-element-0a6d341 elementor-widget elementor-widget-text-editor\" data-id=\"0a6d341\" data-element_type=\"widget\" data-widget_type=\"text-editor.default\">\n\t\t\t\t<div class=\"elementor-widget-container\">\n\t\t\t\t\t\t\t<p>Erciyes makina di\u015fli 1989 y\u0131l\u0131nda istanbulda faaliyete ba\u015flayan kendini s\u00fcrekli geli\u015fmeye adayan bir kurumdur.<br \/>Erciyes makina di\u015fli olarak \u00f6ncelikli amac\u0131m\u0131z y\u00fcksek kalite , zaman\u0131nda teslimat, m\u00fc\u015fteri memnuniyeti kendine ilke edinmi\u015f personeli ile kendini s\u00fcrekli geli\u015ftirmeyi hedef edinmi\u015ftir.<\/p>\t\t\t\t\t\t<\/div>\n\t\t\t\t<\/div>\n\t\t\t\t<div class=\"elementor-element elementor-element-47b4b91 elementor-align-left elementor-widget elementor-widget-button\" data-id=\"47b4b91\" data-element_type=\"widget\" data-widget_type=\"button.default\">\n\t\t\t\t<div class=\"elementor-widget-container\">\n\t\t\t\t\t\t\t<div class=\"elementor-button-wrapper\">\n\t\t\t\t\t<a class=\"elementor-button elementor-button-link elementor-size-sm\" href=\"#\">\n\t\t\t\t\t\t<span class=\"elementor-button-content-wrapper\">\n\t\t\t\t\t\t\t\t\t<span class=\"elementor-button-text\">Devam\u0131<\/span>\n\t\t\t\t\t<\/span>\n\t\t\t\t\t<\/a>\n\t\t\t\t<\/div>\n\t\t\t\t\t\t<\/div>\n\t\t\t\t<\/div>\n\t\t\t\t<\/div>\n\t\t\t\t\t<\/div>\n\t\t\t\t<\/div>\n\t\t<div class=\"elementor-element elementor-element-def120f e-flex e-con-boxed e-con e-parent\" data-id=\"def120f\" data-element_type=\"container\">\n\t\t\t\t\t<div class=\"e-con-inner\">\n\t\t\t\t<div class=\"elementor-element elementor-element-1e1742f elementor-widget elementor-widget-spacer\" data-id=\"1e1742f\" data-element_type=\"widget\" data-widget_type=\"spacer.default\">\n\t\t\t\t<div class=\"elementor-widget-container\">\n\t\t\t\t\t<div class=\"elementor-spacer\">\n\t\t\t<div class=\"elementor-spacer-inner\"><\/div>\n\t\t<\/div>\n\t\t\t\t<\/div>\n\t\t\t\t<\/div>\n\t\t\t\t\t<\/div>\n\t\t\t\t<\/div>\n\t\t<div class=\"elementor-element elementor-element-c12cc5e e-flex e-con-boxed e-con e-parent\" data-id=\"c12cc5e\" data-element_type=\"container\">\n\t\t\t\t\t<div class=\"e-con-inner\">\n\t\t\t\t<div class=\"elementor-element elementor-element-a7ce89a elementor-widget elementor-widget-heading\" data-id=\"a7ce89a\" data-element_type=\"widget\" data-widget_type=\"heading.default\">\n\t\t\t\t<div class=\"elementor-widget-container\">\n\t\t\t<h3 class=\"elementor-heading-title elementor-size-default\">\u00dcRETiMLERiMiZ<\/h3>\t\t<\/div>\n\t\t\t\t<\/div>\n\t\t\t\t\t<\/div>\n\t\t\t\t<\/div>\n\t\t<div class=\"elementor-element elementor-element-a4526aa e-con-full e-flex e-con e-parent\" data-id=\"a4526aa\" data-element_type=\"container\">\n\t\t<div class=\"elementor-element elementor-element-c479acb e-con-full e-flex e-con e-child\" data-id=\"c479acb\" data-element_type=\"container\">\n\t\t\t\t<div class=\"elementor-element elementor-element-1b334e1 animated-fast elementor-invisible elementor-widget elementor-widget-heading\" data-id=\"1b334e1\" data-element_type=\"widget\" data-settings=\"{&quot;_animation&quot;:&quot;fadeInLeft&quot;}\" data-widget_type=\"heading.default\">\n\t\t\t\t<div class=\"elementor-widget-container\">\n\t\t\t<h4 class=\"elementor-heading-title elementor-size-default\">Ayna Mahruti Di\u015flileri<\/h4>\t\t<\/div>\n\t\t\t\t<\/div>\n\t\t\t\t<div class=\"elementor-element elementor-element-9c1138f animated-fast elementor-invisible elementor-widget elementor-widget-image\" data-id=\"9c1138f\" data-element_type=\"widget\" data-settings=\"{&quot;_animation&quot;:&quot;fadeInLeft&quot;}\" data-widget_type=\"image.default\">\n\t\t\t\t<div class=\"elementor-widget-container\">\n\t\t\t\t\t\t\t\t\t\t\t\t\t\t<a href=\"https:\/\/www.erciyesdisli.com\/index.php\/ayna-mahruti-dislileri\/\">\n\t\t\t\t\t\t\t<img decoding=\"async\" src=\"https:\/\/www.erciyesdisli.com\/wp-content\/uploads\/elementor\/thumbs\/Ayna-Mahruti-qk6oglmxqwlfvsk0catx9c79wslxyuxb2bmd5u8rvw.png\" title=\"Ayna Mahruti\" alt=\"Ayna Mahruti\" loading=\"lazy\" \/>\t\t\t\t\t\t\t\t<\/a>\n\t\t\t\t\t\t\t\t\t\t\t\t\t<\/div>\n\t\t\t\t<\/div>\n\t\t\t\t<\/div>\n\t\t<div class=\"elementor-element elementor-element-4e1a3a5 e-con-full e-flex e-con e-child\" data-id=\"4e1a3a5\" data-element_type=\"container\">\n\t\t\t\t<div class=\"elementor-element elementor-element-5ba71db animated-fast elementor-invisible elementor-widget elementor-widget-heading\" data-id=\"5ba71db\" data-element_type=\"widget\" data-settings=\"{&quot;_animation&quot;:&quot;fadeInUp&quot;}\" data-widget_type=\"heading.default\">\n\t\t\t\t<div class=\"elementor-widget-container\">\n\t\t\t<h4 class=\"elementor-heading-title elementor-size-default\">D\u00fcz, Helis ve Konik Di\u015fliler<\/h4>\t\t<\/div>\n\t\t\t\t<\/div>\n\t\t\t\t<div class=\"elementor-element elementor-element-80dbd6e animated-fast elementor-invisible elementor-widget elementor-widget-image\" data-id=\"80dbd6e\" data-element_type=\"widget\" data-settings=\"{&quot;_animation&quot;:&quot;fadeInUp&quot;}\" data-widget_type=\"image.default\">\n\t\t\t\t<div class=\"elementor-widget-container\">\n\t\t\t\t\t\t\t\t\t\t\t\t\t\t<a href=\"https:\/\/www.erciyesdisli.com\/index.php\/duz-ve-helis-disliler\/\">\n\t\t\t\t\t\t\t<img decoding=\"async\" src=\"https:\/\/www.erciyesdisli.com\/wp-content\/uploads\/elementor\/thumbs\/Duz-Helis-Disliler-qk6qg391jagiw4pow7afwarcds8xe4qdk5tt5g8ung.png\" title=\"D\u00fcz Helis Di\u015fliler\" alt=\"D\u00fcz Helis Di\u015fliler\" loading=\"lazy\" \/>\t\t\t\t\t\t\t\t<\/a>\n\t\t\t\t\t\t\t\t\t\t\t\t\t<\/div>\n\t\t\t\t<\/div>\n\t\t\t\t<\/div>\n\t\t<div class=\"elementor-element elementor-element-56c369b e-con-full e-flex e-con e-child\" data-id=\"56c369b\" data-element_type=\"container\">\n\t\t\t\t<div class=\"elementor-element elementor-element-4f1b082 animated-fast elementor-invisible elementor-widget elementor-widget-heading\" data-id=\"4f1b082\" data-element_type=\"widget\" data-settings=\"{&quot;_animation&quot;:&quot;fadeInRight&quot;}\" data-widget_type=\"heading.default\">\n\t\t\t\t<div class=\"elementor-widget-container\">\n\t\t\t<h4 class=\"elementor-heading-title elementor-size-default\">Makine Yedek Par\u00e7a<\/h4>\t\t<\/div>\n\t\t\t\t<\/div>\n\t\t\t\t<div class=\"elementor-element elementor-element-c10b479 animated-fast elementor-invisible elementor-widget elementor-widget-image\" data-id=\"c10b479\" data-element_type=\"widget\" data-settings=\"{&quot;_animation&quot;:&quot;fadeInRight&quot;}\" data-widget_type=\"image.default\">\n\t\t\t\t<div class=\"elementor-widget-container\">\n\t\t\t\t\t\t\t\t\t\t\t\t\t\t<a href=\"https:\/\/www.erciyesdisli.com\/index.php\/makina-yedek-parca\/\">\n\t\t\t\t\t\t\t<img decoding=\"async\" src=\"https:\/\/www.erciyesdisli.com\/wp-content\/uploads\/elementor\/thumbs\/Makina-Yedek-Parca-qk6qrv695kkuc9lx4sj6mts8ak7gtmhbig1sl8sap8.png\" title=\"Makina Yedek Par\u00e7a\" alt=\"Makina Yedek Par\u00e7a\" loading=\"lazy\" \/>\t\t\t\t\t\t\t\t<\/a>\n\t\t\t\t\t\t\t\t\t\t\t\t\t<\/div>\n\t\t\t\t<\/div>\n\t\t\t\t<\/div>\n\t\t\t\t<\/div>\n\t\t<div class=\"elementor-element elementor-element-8b4a3e5 e-flex e-con-boxed e-con e-parent\" data-id=\"8b4a3e5\" data-element_type=\"container\">\n\t\t\t\t\t<div class=\"e-con-inner\">\n\t\t\t\t<div class=\"elementor-element elementor-element-91548fb elementor-widget elementor-widget-spacer\" data-id=\"91548fb\" data-element_type=\"widget\" data-widget_type=\"spacer.default\">\n\t\t\t\t<div class=\"elementor-widget-container\">\n\t\t\t\t\t<div class=\"elementor-spacer\">\n\t\t\t<div class=\"elementor-spacer-inner\"><\/div>\n\t\t<\/div>\n\t\t\t\t<\/div>\n\t\t\t\t<\/div>\n\t\t\t\t\t<\/div>\n\t\t\t\t<\/div>\n\t\t<div class=\"elementor-element elementor-element-9f7bd5e animated-fast e-flex e-con-boxed elementor-invisible e-con e-parent\" data-id=\"9f7bd5e\" data-element_type=\"container\" data-settings=\"{&quot;background_background&quot;:&quot;slideshow&quot;,&quot;background_slideshow_gallery&quot;:[{&quot;id&quot;:173,&quot;url&quot;:&quot;https:\\\/\\\/www.erciyesdisli.com\\\/wp-content\\\/uploads\\\/2023\\\/12\\\/erciyesdisli-1.jpg&quot;}],&quot;animation&quot;:&quot;fadeInUp&quot;,&quot;background_slideshow_loop&quot;:&quot;yes&quot;,&quot;background_slideshow_slide_duration&quot;:5000,&quot;background_slideshow_slide_transition&quot;:&quot;fade&quot;,&quot;background_slideshow_transition_duration&quot;:500}\">\n\t\t\t\t\t<div class=\"e-con-inner\">\n\t\t<div class=\"elementor-element elementor-element-387ded3 e-con-full e-flex e-con e-child\" data-id=\"387ded3\" data-element_type=\"container\">\n\t\t\t\t<div class=\"elementor-element elementor-element-586be5e elementor-widget elementor-widget-heading\" data-id=\"586be5e\" data-element_type=\"widget\" data-widget_type=\"heading.default\">\n\t\t\t\t<div class=\"elementor-widget-container\">\n\t\t\t<h2 class=\"elementor-heading-title elementor-size-default\">\u00dcRETiM DESTEK<\/h2>\t\t<\/div>\n\t\t\t\t<\/div>\n\t\t\t\t<div class=\"elementor-element elementor-element-ba8a81a elementor-widget elementor-widget-text-editor\" data-id=\"ba8a81a\" data-element_type=\"widget\" data-widget_type=\"text-editor.default\">\n\t\t\t\t<div class=\"elementor-widget-container\">\n\t\t\t\t\t\t\t<p>Di\u015fli ve Makina Yedek Par\u00e7a ihtiyac\u0131n\u0131za h\u0131zl\u0131, profesyonel ve uygun fiyatl\u0131 \u00e7\u00f6z\u00fcmler i\u00e7in;<\/p>\t\t\t\t\t\t<\/div>\n\t\t\t\t<\/div>\n\t\t\t\t<\/div>\n\t\t<div class=\"elementor-element elementor-element-70d8cfa e-con-full e-flex e-con e-child\" data-id=\"70d8cfa\" data-element_type=\"container\">\n\t\t\t\t<div class=\"elementor-element elementor-element-9f99635 elementor-widget elementor-widget-html\" data-id=\"9f99635\" data-element_type=\"widget\" data-widget_type=\"html.default\">\n\t\t\t\t<div class=\"elementor-widget-container\">\n\t\t\t\n<div class=\"wpcf7 no-js\" id=\"wpcf7-f126-o1\" lang=\"tr-TR\" dir=\"ltr\" data-wpcf7-id=\"126\">\n<div class=\"screen-reader-response\"><p role=\"status\" aria-live=\"polite\" aria-atomic=\"true\"><\/p> <ul><\/ul><\/div>\n<form action=\"\/index.php\/wp-json\/wp\/v2\/pages\/2#wpcf7-f126-o1\" method=\"post\" class=\"wpcf7-form init\" aria-label=\"\u0130leti\u015fim Formu\" novalidate=\"novalidate\" data-status=\"init\">\n<div style=\"display: none;\">\n<input type=\"hidden\" name=\"_wpcf7\" value=\"126\" \/>\n<input type=\"hidden\" name=\"_wpcf7_version\" value=\"6.0.1\" \/>\n<input type=\"hidden\" name=\"_wpcf7_locale\" value=\"tr_TR\" \/>\n<input type=\"hidden\" name=\"_wpcf7_unit_tag\" value=\"wpcf7-f126-o1\" \/>\n<input type=\"hidden\" name=\"_wpcf7_container_post\" value=\"0\" \/>\n<input type=\"hidden\" name=\"_wpcf7_posted_data_hash\" value=\"\" \/>\n<\/div>\n<p><label> Ad\u0131n\u0131z<br \/>\n<span class=\"wpcf7-form-control-wrap\" data-name=\"your-name\"><input size=\"40\" maxlength=\"400\" class=\"wpcf7-form-control wpcf7-text wpcf7-validates-as-required\" autocomplete=\"name\" aria-required=\"true\" aria-invalid=\"false\" value=\"\" type=\"text\" name=\"your-name\" \/><\/span> <\/label>\n<\/p>\n<p><label> E-posta adresiniz<br \/>\n<span class=\"wpcf7-form-control-wrap\" data-name=\"your-email\"><input size=\"40\" maxlength=\"400\" class=\"wpcf7-form-control wpcf7-email wpcf7-validates-as-required wpcf7-text wpcf7-validates-as-email\" autocomplete=\"email\" aria-required=\"true\" aria-invalid=\"false\" value=\"\" type=\"email\" name=\"your-email\" \/><\/span> <\/label>\n<\/p>\n<p><label> Konu<br \/>\n<span class=\"wpcf7-form-control-wrap\" data-name=\"your-subject\"><input size=\"40\" maxlength=\"400\" class=\"wpcf7-form-control wpcf7-text wpcf7-validates-as-required\" aria-required=\"true\" aria-invalid=\"false\" value=\"\" type=\"text\" name=\"your-subject\" \/><\/span> <\/label>\n<\/p>\n<td>\n\t<p><label> \u0130letiniz (tercihe ba\u011fl\u0131)<br \/>\n<span class=\"wpcf7-form-control-wrap\" data-name=\"your-message\"><textarea cols=\"40\" rows=\"10\" maxlength=\"2000\" class=\"wpcf7-form-control wpcf7-textarea\" aria-invalid=\"false\" name=\"your-message\"><\/textarea><\/span> <\/label>\n\t<\/p>\n<\/td>\n<center>\n\t<p><span class=\"wpcf7-form-control-wrap\" data-name=\"quiz-278\"><label><span class=\"wpcf7-quiz-label\">8+1=?<\/span> <input size=\"40\" class=\"wpcf7-form-control wpcf7-quiz\" autocomplete=\"off\" aria-required=\"true\" aria-invalid=\"false\" type=\"text\" name=\"quiz-278\" \/><\/label><input type=\"hidden\" name=\"_wpcf7_quiz_answer_quiz-278\" value=\"44f43b2d4b1f84a905ae0df529aff710\" \/><\/span>\n\t<\/p>\n<\/center>\n<p><input class=\"wpcf7-form-control wpcf7-submit has-spinner\" type=\"submit\" value=\"G\u00f6nder\" \/>\n<\/p><div class=\"wpcf7-response-output\" aria-hidden=\"true\"><\/div>\n<\/form>\n<\/div>\n\t\t<\/div>\n\t\t\t\t<\/div>\n\t\t\t\t<\/div>\n\t\t\t\t\t<\/div>\n\t\t\t\t<\/div>\n\t\t\t\t<\/div>\n\t\t","protected":false},"excerpt":{"rendered":"<p>HAKKIMIZDA Erciyes makina di\u015fli 1989 y\u0131l\u0131nda istanbulda faaliyete ba\u015flayan kendini s\u00fcrekli geli\u015fmeye adayan bir kurumdur.Erciyes makina di\u015fli olarak \u00f6ncelikli amac\u0131m\u0131z y\u00fcksek kalite , zaman\u0131nda teslimat,&hellip;<\/p>\n","protected":false},"author":1,"featured_media":0,"parent":0,"menu_order":0,"comment_status":"closed","ping_status":"open","template":"elementor_header_footer","meta":{"footnotes":""},"class_list":["post-2","page","type-page","status-publish","hentry"],"_links":{"self":[{"href":"https:\/\/www.erciyesdisli.com\/index.php\/wp-json\/wp\/v2\/pages\/2","targetHints":{"allow":["GET"]}}],"collection":[{"href":"https:\/\/www.erciyesdisli.com\/index.php\/wp-json\/wp\/v2\/pages"}],"about":[{"href":"https:\/\/www.erciyesdisli.com\/index.php\/wp-json\/wp\/v2\/types\/page"}],"author":[{"embeddable":true,"href":"https:\/\/www.erciyesdisli.com\/index.php\/wp-json\/wp\/v2\/users\/1"}],"replies":[{"embeddable":true,"href":"https:\/\/www.erciyesdisli.com\/index.php\/wp-json\/wp\/v2\/comments?post=2"}],"version-history":[{"count":154,"href":"https:\/\/www.erciyesdisli.com\/index.php\/wp-json\/wp\/v2\/pages\/2\/revisions"}],"predecessor-version":[{"id":372,"href":"https:\/\/www.erciyesdisli.com\/index.php\/wp-json\/wp\/v2\/pages\/2\/revisions\/372"}],"wp:attachment":[{"href":"https:\/\/www.erciyesdisli.com\/index.php\/wp-json\/wp\/v2\/media?parent=2"}],"curies":[{"name":"wp","href":"https:\/\/api.w.org\/{rel}","templated":true}]}}